{"id":78,"date":"2017-02-15T02:15:34","date_gmt":"2017-02-15T02:15:34","guid":{"rendered":"http:\/\/demo.themeton.com\/consultaid\/?page_id=78"},"modified":"2017-02-15T02:15:34","modified_gmt":"2017-02-15T02:15:34","slug":"home-page-1","status":"publish","type":"page","link":"https:\/\/g2a.com.tn\/fr\/home-page\/home-page-1\/","title":{"rendered":"Home Page 1"},"content":{"rendered":"<section class=\"wpb-content-wrapper\"><div class=\"vc_row wpb_row vc_row-fluid vc_custom_1488525063774\"><div class=\"wpb_column vc_column_container vc_col-sm-8\"><div class=\"vc_column-inner\"><div class=\"wpb_wrapper\"><h2 style=\"font-size: 36px;text-align: left;font-family:Raleway;font-weight:800;font-style:normal\" class=\"vc_custom_heading vc_custom_1488510448198\" >Services<\/h2><div class=\"vc_row wpb_row vc_inner vc_row-fluid\"><div class=\"wpb_column vc_column_container vc_col-sm-6\"><div class=\"vc_column-inner\"><div class=\"wpb_wrapper\"><div class='con-element service-box default medium default'>\n                        <div class='service-icon'><img src='' width='45' height='45' alt='Customer Support'\/><\/div>\n                        <h3>Customer Support<\/h3>\n                        <p>Content of a page when looking its layout. The point of using Lorem Ipsum is that it hasnormal distribution. <\/p>\n                    <\/div><div class='con-element service-box default medium default'>\n                        <div class='service-icon'><img src='' width='45' height='45' alt='Bulk SMS'\/><\/div>\n                        <h3>Bulk SMS<\/h3>\n                        <p>Content of a page when looking its layout. The point of using Lorem Ipsum is that it hasnormal distribution. <\/p>\n                    <\/div><\/div><\/div><\/div><div class=\"wpb_column vc_column_container vc_col-sm-6\"><div class=\"vc_column-inner\"><div class=\"wpb_wrapper\"><div class='con-element service-box default medium default'>\n                        <div class='service-icon'><img src='' width='45' height='45' alt='Money Exchange'\/><\/div>\n                        <h3>Money Exchange<\/h3>\n                        <p>Seamlessly provide access to distinctive vortals rather than multidisciplinary quality vectors.<\/p>\n                    <\/div><div class='con-element service-box default medium default'>\n                        <div class='service-icon'><img src='' width='45' height='45' alt='Business Boosting'\/><\/div>\n                        <h3>Business Boosting<\/h3>\n                        <p>Seamlessly provide access to distinctive vortals rather than multidisciplinary quality vectors.<\/p>\n                    <\/div><\/div><\/div><\/div><\/div><\/div><\/div><\/div><div class=\"wpb_column vc_column_container vc_col-sm-4 vc_col-has-fill\"><div class=\"vc_column-inner vc_custom_1489044469434\"><div class=\"wpb_wrapper\"><h2 style=\"font-size: 36px;color: #ffffff;text-align: left;font-family:Raleway;font-weight:800;font-style:normal\" class=\"vc_custom_heading vc_custom_1489044485203\" >T\u00e9moignages<\/h2>\n        \n            <div class='ui-section testimonial-single quotestyle2 uk-text-left text-light'>\n                <div class='testimonial-wrapper'>\n                \n                \n                \n                <p class=''>Lorem Ipsum is simply dummy text of the printing typesetting industry. Lorem Ipsum has been the industry's standard dummy text ever since.<\/p>\n                <div class='image-thumbail'><div class='uk-flex uk-flex-left'><div class='uk-flex uk-flex-middle uk-flex-right'><img loading=\"lazy\" decoding=\"async\" width=\"58\" height=\"58\" src=\"https:\/\/g2a.com.tn\/wp-content\/uploads\/2017\/02\/testimonials-avatar.png\" class=\"attachment-thumbnail size-thumbnail\" alt=\"Avatar\" srcset=\"https:\/\/g2a.com.tn\/wp-content\/uploads\/2017\/02\/testimonials-avatar.png 58w, https:\/\/g2a.com.tn\/wp-content\/uploads\/2017\/02\/testimonials-avatar-40x40.png 40w\" sizes=\"auto, (max-width: 58px) 100vw, 58px\" \/><\/div>\n                    <div class='uk-text-left pl2 uk-flex-middle'>\n                        <div class='mmb05'><span>Mark Wilson<\/span><\/div>\n                        \n                        <div class='stars'><i class='fa fa-star' aria-hidden='true'><\/i> <i class='fa fa-star' aria-hidden='true'><\/i> <i class='fa fa-star' aria-hidden='true'><\/i> <i class='fa fa-star' aria-hidden='true'><\/i> <i class='fa fa-star-o' aria-hidden='true'><\/i> <\/div>\n                    <\/div><\/div><\/div>\n                <\/div>\n            <\/div>\n        \n        <div class=\"con-element consultaid-button uk-flex uk-flex-block\">\n            <a class=\"uk-button uk-button-default\" rel=\"\" target=\"_self\" href=\"http:\/\/demo.themeton.com\/consultaid\/projects\/\" style='background-color: #5bd1f3'>START YOUR PROJECT NOW<\/a>\n            <\/div><\/div><\/div><\/div><\/div><div data-vc-full-width=\"true\" data-vc-full-width-init=\"false\" class=\"vc_row wpb_row vc_row-fluid vc_custom_1488524477972 vc_row-has-fill\"><div class=\"wpb_column vc_column_container vc_col-sm-12\"><div class=\"vc_column-inner\"><div class=\"wpb_wrapper\"><h2 style=\"font-size: 36px;text-align: center\" class=\"vc_custom_heading vc_custom_1488524852256\" >Featured Projects<\/h2><div class='con-element projectvc project-items'>\n                        <div class='swiper-container-project'>\n                            <div class='swiper-wrapper'>\n                                <div class='swiper-slide'>\n                            <div class='project-item uk-box-shadow-small uk-card-hover' >\n                                <a href='https:\/\/g2a.com.tn\/fr\/portfolio-item\/test\/'>\n                                    <div class='feature-image' data-bg-image='https:\/\/g2a.com.tn\/wp-content\/uploads\/2023\/07\/ind1-500x300.jpg'> \n                                    <\/div>\n                                <\/a>\n                                <div class='project-meta' >\n                                    <a href='https:\/\/g2a.com.tn\/fr\/portfolio-item\/test\/'>\n                                <div class='con-meta'>\n                                    <h3>test<\/h3>\n                                    <p><\/p>\n                                <\/div>\n                            <\/a>\n                                <\/div>\n                            <\/div>\n                        <\/div><div class='swiper-slide'>\n                            <div class='project-item uk-box-shadow-small uk-card-hover' >\n                                <a href='https:\/\/g2a.com.tn\/fr\/portfolio-item\/project-name-4\/'>\n                                    <div class='feature-image' data-bg-image='https:\/\/g2a.com.tn\/wp-content\/uploads\/2017\/02\/portfolio-7-500x300.jpg'> \n                                    <\/div>\n                                <\/a>\n                                <div class='project-meta' >\n                                    <a href='https:\/\/g2a.com.tn\/fr\/portfolio-item\/project-name-4\/'>\n                                <div class='con-meta'>\n                                    <h3>Self Motivation<\/h3>\n                                    <p><\/p>\n                                <\/div>\n                            <\/a>\n                                <\/div>\n                            <\/div>\n                        <\/div><div class='swiper-slide'>\n                            <div class='project-item uk-box-shadow-small uk-card-hover' >\n                                <a href='https:\/\/g2a.com.tn\/fr\/portfolio-item\/project-name-6\/'>\n                                    <div class='feature-image' data-bg-image='https:\/\/g2a.com.tn\/wp-content\/uploads\/2017\/02\/portfolio-5-500x300.jpg'> \n                                    <\/div>\n                                <\/a>\n                                <div class='project-meta' >\n                                    <a href='https:\/\/g2a.com.tn\/fr\/portfolio-item\/project-name-6\/'>\n                                <div class='con-meta'>\n                                    <h3>Silicon Valley<\/h3>\n                                    <p><\/p>\n                                <\/div>\n                            <\/a>\n                                <\/div>\n                            <\/div>\n                        <\/div><div class='swiper-slide'>\n                            <div class='project-item uk-box-shadow-small uk-card-hover' >\n                                <a href='https:\/\/g2a.com.tn\/fr\/portfolio-item\/project-name-5\/'>\n                                    <div class='feature-image' data-bg-image='https:\/\/g2a.com.tn\/wp-content\/uploads\/2017\/02\/portfolio-11-500x300.jpg'> \n                                    <\/div>\n                                <\/a>\n                                <div class='project-meta' >\n                                    <a href='https:\/\/g2a.com.tn\/fr\/portfolio-item\/project-name-5\/'>\n                                <div class='con-meta'>\n                                    <h3>WordPress Theme<\/h3>\n                                    <p><\/p>\n                                <\/div>\n                            <\/a>\n                                <\/div>\n                            <\/div>\n                        <\/div><div class='swiper-slide'>\n                            <div class='project-item uk-box-shadow-small uk-card-hover' >\n                                <a href='https:\/\/g2a.com.tn\/fr\/portfolio-item\/project-name-3\/'>\n                                    <div class='feature-image' data-bg-image='https:\/\/g2a.com.tn\/wp-content\/uploads\/2017\/02\/portfolio-3-500x300.jpg'> \n                                    <\/div>\n                                <\/a>\n                                <div class='project-meta' >\n                                    <a href='https:\/\/g2a.com.tn\/fr\/portfolio-item\/project-name-3\/'>\n                                <div class='con-meta'>\n                                    <h3>Earning Finance<\/h3>\n                                    <p><\/p>\n                                <\/div>\n                            <\/a>\n                                <\/div>\n                            <\/div>\n                        <\/div>\n                            <\/div>\n                            <div class='swiper-pagination line top' ><\/div>\n                        <\/div>\n                    <\/div><\/div><\/div><\/div><\/div><div class=\"vc_row-full-width vc_clearfix\"><\/div><div class=\"vc_row wpb_row vc_row-fluid vc_custom_1488524645178\"><div class=\"wpb_column vc_column_container vc_col-sm-12\"><div class=\"vc_column-inner vc_custom_1488452970078\"><div class=\"wpb_wrapper\"> <div class='con-element uk-grid contact-bar uk-flex-middle uk-grid-medium uk-box-shadow-medium    uk-light'>\n                         <div class='uk-grid uk-flex-middle uk-grid-collapse uk-width-expand@m uk-width-1-2@s'>\n                            <div class='uk-margin-right'>\n                                <span data-ukicon='phone|2'><\/span>\n                            <\/div>\n                            <div class='uk-text-left'>\n                                <span class='uk-text-bold'>CALL NOW<\/span>\n                                <div class='minus-top-margin'><span>for free consultation<\/span><\/div>\n                            <\/div>\n                        <\/div>\n                        <div class='phone uk-flex-middle uk-width-expand@m uk-width-1-2@s'>\n                           : <a href='callto:http:\/\/ 5869585545'>+586 958 5545<\/a>\n                        <\/div>\n                        <div class='cross uk-padding-remove-horizontal ml3 mr3'><\/div>\n                        <div class='uk-grid uk-flex-middle uk-grid-collapse uk-width-expand@m uk-width-1-2@s'>\n                            <div class='uk-margin-right'>\n                                <span data-ukicon='mail|2'><\/span>\n                            <\/div>\n                            <div class='uk-text-left'>\n                                <span class='uk-text-bold'>MAIL US NOW<\/span>\n                                <div class='minus-top-margin'><span>for free consultation<\/span><\/div>\n                            <\/div>\n                        <\/div>\n                        <div class='email uk-margin-remove uk-width-expand@m uk-width-1-2@s'>: \n                            <a href='mailto:info@consultaid.com'>info@consultaid.com<\/a>\n                        <\/div>\n                    <\/div><div class=\"vc_empty_space\"   style=\"height: 60px\"><span class=\"vc_empty_space_inner\"><\/span><\/div><h2 style=\"font-size: 36px;text-align: center\" class=\"vc_custom_heading vc_custom_1488524750082\" >Latest News<\/h2><div class=\"uk-grid con-element  con-blog-col4\"><div class=\"uk-width-1-1@m uk-text-center\"><\/div><div class=\"uk-width-1-4@m\"><div class=\"uk-inline-clip uk-transition-toggle uk-light\"><a href='https:\/\/g2a.com.tn\/fr\/h-zribi\/nouveau-modele-de-developpement\/'><div class='col-4-thum-hov con-image' data-src='https:\/\/g2a.com.tn\/wp-content\/uploads\/2024\/11\/dev-eco.bmp'><img src='https:\/\/g2a.com.tn\/wp-content\/themes\/consultaid\/images\/dim\/1x1.png' alt='Proportion'\/><\/div><div class=\"uk-position-center\"><span class=\"uk-transition-fade\" data-ukicon=\"plus|2\"><\/span><\/div><\/a><\/div><div class=\"blog-date\">PAR <span><a href=\"https:\/\/g2a.com.tn\/fr\/author\/h-zribi\/\">Hafedh Zribi<\/a><\/span> &nbsp; &nbsp;| &nbsp; &nbsp;<span><a href=\"https:\/\/g2a.com.tn\/fr\/h-zribi\/nouveau-modele-de-developpement\/\">9 novembre 2024<\/a><\/span><\/div><p><a href=\"https:\/\/g2a.com.tn\/fr\/h-zribi\/nouveau-modele-de-developpement\/\">Nouveau mod\u00e8le de d\u00e9veloppement<\/a><\/p><div class=\"blog-con-text\">Impact du nouveau mod\u00e8le de d\u00e9veloppement sur la croissance \u00e9conomique en Tunisie Le mo ...<\/div><\/div><div class=\"uk-width-1-4@m\"><div class=\"uk-inline-clip uk-transition-toggle uk-light\"><a href='https:\/\/g2a.com.tn\/fr\/global\/hello\/'><div class='col-4-thum-hov con-image' data-src='https:\/\/g2a.com.tn\/wp-content\/uploads\/2023\/07\/newnew-270x200.jpg'><img src='https:\/\/g2a.com.tn\/wp-content\/themes\/consultaid\/images\/dim\/1x1.png' alt='Proportion'\/><\/div><div class=\"uk-position-center\"><span class=\"uk-transition-fade\" data-ukicon=\"plus|2\"><\/span><\/div><\/a><\/div><div class=\"blog-date\">PAR <span><a href=\"https:\/\/g2a.com.tn\/fr\/author\/global\/\">Global<\/a><\/span> &nbsp; &nbsp;| &nbsp; &nbsp;<span><a href=\"https:\/\/g2a.com.tn\/fr\/global\/hello\/\">26 juillet 2023<\/a><\/span><\/div><p><a href=\"https:\/\/g2a.com.tn\/fr\/global\/hello\/\">hello<\/a><\/p><div class=\"blog-con-text\">bn ...<\/div><\/div><\/div><\/div><\/div><\/div><\/div><div data-vc-full-width=\"true\" data-vc-full-width-init=\"false\" class=\"vc_row wpb_row vc_row-fluid vc_custom_1488525234899 vc_row-has-fill\"><div class=\"wpb_column vc_column_container vc_col-sm-2\"><div class=\"vc_column-inner\"><div class=\"wpb_wrapper\">\n\t<div  class=\"wpb_single_image wpb_content_element vc_align_center\">\n\t\t\n\t\t<figure class=\"wpb_wrapper vc_figure\">\n\t\t\t<div class=\"vc_single_image-wrapper   vc_box_border_grey\"><img loading=\"lazy\" decoding=\"async\" width=\"123\" height=\"23\" src=\"https:\/\/g2a.com.tn\/wp-content\/uploads\/2017\/02\/partners-01.png\" class=\"vc_single_image-img attachment-full\" alt=\"Partner\" title=\"partners-01\" srcset=\"https:\/\/g2a.com.tn\/wp-content\/uploads\/2017\/02\/partners-01.png 123w, https:\/\/g2a.com.tn\/wp-content\/uploads\/2017\/02\/partners-01-40x7.png 40w\" sizes=\"auto, (max-width: 123px) 100vw, 123px\" \/><\/div>\n\t\t<\/figure>\n\t<\/div>\n<\/div><\/div><\/div><div class=\"wpb_column vc_column_container vc_col-sm-2\"><div class=\"vc_column-inner\"><div class=\"wpb_wrapper\">\n\t<div  class=\"wpb_single_image wpb_content_element vc_align_center\">\n\t\t\n\t\t<figure class=\"wpb_wrapper vc_figure\">\n\t\t\t<div class=\"vc_single_image-wrapper   vc_box_border_grey\"><img loading=\"lazy\" decoding=\"async\" width=\"132\" height=\"29\" src=\"https:\/\/g2a.com.tn\/wp-content\/uploads\/2017\/02\/partners-02.png\" class=\"vc_single_image-img attachment-full\" alt=\"Partner\" title=\"partners-02\" srcset=\"https:\/\/g2a.com.tn\/wp-content\/uploads\/2017\/02\/partners-02.png 132w, https:\/\/g2a.com.tn\/wp-content\/uploads\/2017\/02\/partners-02-40x9.png 40w\" sizes=\"auto, (max-width: 132px) 100vw, 132px\" \/><\/div>\n\t\t<\/figure>\n\t<\/div>\n<\/div><\/div><\/div><div class=\"wpb_column vc_column_container vc_col-sm-2\"><div class=\"vc_column-inner\"><div class=\"wpb_wrapper\">\n\t<div  class=\"wpb_single_image wpb_content_element vc_align_center\">\n\t\t\n\t\t<figure class=\"wpb_wrapper vc_figure\">\n\t\t\t<div class=\"vc_single_image-wrapper   vc_box_border_grey\"><img loading=\"lazy\" decoding=\"async\" width=\"130\" height=\"20\" src=\"https:\/\/g2a.com.tn\/wp-content\/uploads\/2017\/02\/partners-03.png\" class=\"vc_single_image-img attachment-full\" alt=\"Partner\" title=\"partners-03\" srcset=\"https:\/\/g2a.com.tn\/wp-content\/uploads\/2017\/02\/partners-03.png 130w, https:\/\/g2a.com.tn\/wp-content\/uploads\/2017\/02\/partners-03-40x6.png 40w\" sizes=\"auto, (max-width: 130px) 100vw, 130px\" \/><\/div>\n\t\t<\/figure>\n\t<\/div>\n<\/div><\/div><\/div><div class=\"wpb_column vc_column_container vc_col-sm-2\"><div class=\"vc_column-inner\"><div class=\"wpb_wrapper\">\n\t<div  class=\"wpb_single_image wpb_content_element vc_align_center\">\n\t\t\n\t\t<figure class=\"wpb_wrapper vc_figure\">\n\t\t\t<div class=\"vc_single_image-wrapper   vc_box_border_grey\"><img loading=\"lazy\" decoding=\"async\" width=\"131\" height=\"26\" src=\"https:\/\/g2a.com.tn\/wp-content\/uploads\/2017\/02\/partners-04.png\" class=\"vc_single_image-img attachment-full\" alt=\"Partner\" title=\"partners-04\" srcset=\"https:\/\/g2a.com.tn\/wp-content\/uploads\/2017\/02\/partners-04.png 131w, https:\/\/g2a.com.tn\/wp-content\/uploads\/2017\/02\/partners-04-40x8.png 40w\" sizes=\"auto, (max-width: 131px) 100vw, 131px\" \/><\/div>\n\t\t<\/figure>\n\t<\/div>\n<\/div><\/div><\/div><div class=\"wpb_column vc_column_container vc_col-sm-2\"><div class=\"vc_column-inner\"><div class=\"wpb_wrapper\">\n\t<div  class=\"wpb_single_image wpb_content_element vc_align_center\">\n\t\t\n\t\t<figure class=\"wpb_wrapper vc_figure\">\n\t\t\t<div class=\"vc_single_image-wrapper   vc_box_border_grey\"><img loading=\"lazy\" decoding=\"async\" width=\"150\" height=\"34\" src=\"https:\/\/g2a.com.tn\/wp-content\/uploads\/2017\/02\/partners-05.png\" class=\"vc_single_image-img attachment-full\" alt=\"Partner\" title=\"partners-05\" srcset=\"https:\/\/g2a.com.tn\/wp-content\/uploads\/2017\/02\/partners-05.png 150w, https:\/\/g2a.com.tn\/wp-content\/uploads\/2017\/02\/partners-05-40x9.png 40w\" sizes=\"auto, (max-width: 150px) 100vw, 150px\" \/><\/div>\n\t\t<\/figure>\n\t<\/div>\n<\/div><\/div><\/div><div class=\"wpb_column vc_column_container vc_col-sm-2\"><div class=\"vc_column-inner\"><div class=\"wpb_wrapper\">\n\t<div  class=\"wpb_single_image wpb_content_element vc_align_center\">\n\t\t\n\t\t<figure class=\"wpb_wrapper vc_figure\">\n\t\t\t<div class=\"vc_single_image-wrapper   vc_box_border_grey\"><img loading=\"lazy\" decoding=\"async\" width=\"114\" height=\"22\" src=\"https:\/\/g2a.com.tn\/wp-content\/uploads\/2017\/02\/partners-06.png\" class=\"vc_single_image-img attachment-full\" alt=\"Partner\" title=\"partners-06\" srcset=\"https:\/\/g2a.com.tn\/wp-content\/uploads\/2017\/02\/partners-06.png 114w, https:\/\/g2a.com.tn\/wp-content\/uploads\/2017\/02\/partners-06-40x8.png 40w\" sizes=\"auto, (max-width: 114px) 100vw, 114px\" \/><\/div>\n\t\t<\/figure>\n\t<\/div>\n<\/div><\/div><\/div><\/div><div class=\"vc_row-full-width vc_clearfix\"><\/div>\n<\/section>","protected":false},"excerpt":{"rendered":"Establishing a bank account is a fundamental necessity, especially in the context of employment. The procedures involved are notably straightforward, with the added advantage of remote account opening capabilities. To open a bank account in Tunisia as an expat, you ...","protected":false},"author":5,"featured_media":0,"parent":31,"menu_order":0,"comment_status":"closed","ping_status":"closed","template":"","meta":{"footnotes":""},"class_list":["post-78","page","type-page","status-publish","hentry"],"_links":{"self":[{"href":"https:\/\/g2a.com.tn\/fr\/wp-json\/wp\/v2\/pages\/78","targetHints":{"allow":["GET"]}}],"collection":[{"href":"https:\/\/g2a.com.tn\/fr\/wp-json\/wp\/v2\/pages"}],"about":[{"href":"https:\/\/g2a.com.tn\/fr\/wp-json\/wp\/v2\/types\/page"}],"author":[{"embeddable":true,"href":"https:\/\/g2a.com.tn\/fr\/wp-json\/wp\/v2\/users\/5"}],"replies":[{"embeddable":true,"href":"https:\/\/g2a.com.tn\/fr\/wp-json\/wp\/v2\/comments?post=78"}],"version-history":[{"count":0,"href":"https:\/\/g2a.com.tn\/fr\/wp-json\/wp\/v2\/pages\/78\/revisions"}],"up":[{"embeddable":true,"href":"https:\/\/g2a.com.tn\/fr\/wp-json\/wp\/v2\/pages\/31"}],"wp:attachment":[{"href":"https:\/\/g2a.com.tn\/fr\/wp-json\/wp\/v2\/media?parent=78"}],"curies":[{"name":"wp","href":"https:\/\/api.w.org\/{rel}","templated":true}]}}