{"id":225,"date":"2017-02-21T05:06:57","date_gmt":"2017-02-21T05:06:57","guid":{"rendered":"http:\/\/demo.themeton.com\/consultaid\/?page_id=225"},"modified":"2023-07-28T11:34:42","modified_gmt":"2023-07-28T09:34:42","slug":"past-events","status":"publish","type":"page","link":"https:\/\/g2a.com.tn\/fr\/past-events\/","title":{"rendered":"Nos \u00e9v\u00e9nements pass\u00e9s"},"content":{"rendered":"<section class=\"wpb-content-wrapper\">\t\t<div data-elementor-type=\"wp-page\" data-elementor-id=\"225\" class=\"elementor elementor-225\" data-elementor-post-type=\"page\">\n\t\t\t\t\t\t\t\t\t<section class=\"elementor-section elementor-top-section elementor-element elementor-element-4ef07e49 elementor-section-boxed elementor-section-height-default elementor-section-height-default\" data-id=\"4ef07e49\" data-element_type=\"section\">\n\t\t\t\t\t\t<div class=\"elementor-container elementor-column-gap-default\">\n\t\t\t\t\t<div class=\"elementor-column elementor-col-100 elementor-top-column elementor-element elementor-element-51f99ba8\" data-id=\"51f99ba8\" data-element_type=\"column\">\n\t\t\t<div class=\"elementor-widget-wrap elementor-element-populated\">\n\t\t\t\t\t\t\t\t<div class=\"elementor-element elementor-element-fb164fd elementor-widget elementor-widget-shortcode\" data-id=\"fb164fd\" data-element_type=\"widget\" data-widget_type=\"shortcode.default\">\n\t\t\t\t<div class=\"elementor-widget-container\">\n\t\t\t\t\t<div class=\"elementor-shortcode\"><div class=\"vc_row wpb_row vc_row-fluid vc_custom_1488605952815\"><div class=\"wpb_column vc_column_container vc_col-sm-2\"><div class=\"vc_column-inner\"><div class=\"wpb_wrapper\"><\/div><\/div><\/div><div class=\"wpb_column vc_column_container vc_col-sm-8\"><div class=\"vc_column-inner\"><div class=\"wpb_wrapper\"><h1 style=\"font-size: 36px;line-height: 1.2;text-align: center\" class=\"vc_custom_heading\" >Nos \u00e9v\u00e9nements pass\u00e9s<\/h1>\n\t<div class=\"wpb_text_column wpb_content_element\" >\n\t\t<div class=\"wpb_wrapper\">\n\t\t\t<p style=\"text-align: center;\">Bienvenue chez Global Auditing &amp; Advising. Nous sommes fiers de ch\u00e9rir les moments inoubliables que nous avons partag\u00e9s lors de nos \u00e9v\u00e9nements pass\u00e9s. Des conf\u00e9rences captivantes aux performances palpitantes et aux ateliers inspirants, notre histoire est remplie de souvenirs qui ont laiss\u00e9 une empreinte durable.<\/p>\n\n\t\t<\/div>\n\t<\/div>\n<\/div><\/div><\/div><div class=\"wpb_column vc_column_container vc_col-sm-2\"><div class=\"vc_column-inner\"><div class=\"wpb_wrapper\"><\/div><\/div><\/div><\/div><\/div>\n\t\t\t\t<\/div>\n\t\t\t\t<\/div>\n\t\t\t\t\t<\/div>\n\t\t<\/div>\n\t\t\t\t\t\t\t<\/div>\n\t\t<\/section>\n\t\t\t\t<section class=\"elementor-section elementor-top-section elementor-element elementor-element-f1fe270 elementor-section-boxed elementor-section-height-default elementor-section-height-default\" data-id=\"f1fe270\" data-element_type=\"section\">\n\t\t\t\t\t\t<div class=\"elementor-container elementor-column-gap-default\">\n\t\t\t\t\t<div class=\"elementor-column elementor-col-100 elementor-top-column elementor-element elementor-element-253ce22\" data-id=\"253ce22\" data-element_type=\"column\">\n\t\t\t<div class=\"elementor-widget-wrap elementor-element-populated\">\n\t\t\t\t\t\t\t\t<div class=\"elementor-element elementor-element-57792e5 elementor-grid-2 elementor-grid-tablet-2 elementor-grid-mobile-1 elementor-posts--thumbnail-top elementor-posts--show-avatar elementor-card-shadow-yes elementor-posts__hover-gradient elementor-widget elementor-widget-posts\" data-id=\"57792e5\" data-element_type=\"widget\" data-settings=\"{&quot;cards_columns&quot;:&quot;2&quot;,&quot;pagination_type&quot;:&quot;numbers_and_prev_next&quot;,&quot;cards_columns_tablet&quot;:&quot;2&quot;,&quot;cards_columns_mobile&quot;:&quot;1&quot;,&quot;cards_row_gap&quot;:{&quot;unit&quot;:&quot;px&quot;,&quot;size&quot;:35,&quot;sizes&quot;:[]},&quot;cards_row_gap_tablet&quot;:{&quot;unit&quot;:&quot;px&quot;,&quot;size&quot;:&quot;&quot;,&quot;sizes&quot;:[]},&quot;cards_row_gap_mobile&quot;:{&quot;unit&quot;:&quot;px&quot;,&quot;size&quot;:&quot;&quot;,&quot;sizes&quot;:[]}}\" data-widget_type=\"posts.cards\">\n\t\t\t\t<div class=\"elementor-widget-container\">\n\t\t\t<link rel=\"stylesheet\" href=\"https:\/\/g2a.com.tn\/wp-content\/plugins\/pro-elements\/assets\/css\/widget-posts.min.css\">\t\t<div class=\"elementor-posts-container elementor-posts elementor-posts--skin-cards elementor-grid\">\n\t\t\t\t<article class=\"elementor-post elementor-grid-item post-1822 portfolio type-portfolio status-publish has-post-thumbnail hentry\">\n\t\t\t<div class=\"elementor-post__card\">\n\t\t\t\t<a class=\"elementor-post__thumbnail__link\" href=\"https:\/\/g2a.com.tn\/fr\/portfolio-item\/test\/\" ><div class=\"elementor-post__thumbnail\"><img loading=\"lazy\" decoding=\"async\" width=\"300\" height=\"106\" src=\"https:\/\/g2a.com.tn\/wp-content\/uploads\/2023\/07\/ind1-300x106.jpg\" class=\"attachment-medium size-medium wp-image-1561\" alt=\"\" srcset=\"https:\/\/g2a.com.tn\/wp-content\/uploads\/2023\/07\/ind1-300x106.jpg 300w, https:\/\/g2a.com.tn\/wp-content\/uploads\/2023\/07\/ind1-1024x362.jpg 1024w, https:\/\/g2a.com.tn\/wp-content\/uploads\/2023\/07\/ind1-768x271.jpg 768w, https:\/\/g2a.com.tn\/wp-content\/uploads\/2023\/07\/ind1-1536x543.jpg 1536w, https:\/\/g2a.com.tn\/wp-content\/uploads\/2023\/07\/ind1-800x283.jpg 800w, https:\/\/g2a.com.tn\/wp-content\/uploads\/2023\/07\/ind1-400x141.jpg 400w, https:\/\/g2a.com.tn\/wp-content\/uploads\/2023\/07\/ind1-40x14.jpg 40w, https:\/\/g2a.com.tn\/wp-content\/uploads\/2023\/07\/ind1-370x131.jpg 370w, https:\/\/g2a.com.tn\/wp-content\/uploads\/2023\/07\/ind1.jpg 1970w\" sizes=\"auto, (max-width: 300px) 100vw, 300px\" \/><\/div><\/a>\n\t\t\t\t<div class=\"elementor-post__avatar\">\n\t\t\t<img alt='Global' src='https:\/\/secure.gravatar.com\/avatar\/824f8c02e2fae59163e1a3a5265cc5a310696b46c36e1fe843ba7aa25e151e7e?s=128&#038;d=https%3A%2F%2Fg2a.com.tn%2Fwp-content%2Fuploads%2F2023%2F07%2Fcropped-navlogoga.png&#038;r=g' srcset='https:\/\/secure.gravatar.com\/avatar\/824f8c02e2fae59163e1a3a5265cc5a310696b46c36e1fe843ba7aa25e151e7e?s=256&#038;d=https%3A%2F%2Fg2a.com.tn%2Fwp-content%2Fuploads%2F2023%2F07%2Fcropped-navlogoga.png&#038;r=g 2x' class='avatar avatar-128 photo' height='128' width='128' \/>\t\t<\/div>\n\t\t\t\t<div class=\"elementor-post__text\">\n\t\t\t\t<h3 class=\"elementor-post__title\">\n\t\t\t<a href=\"https:\/\/g2a.com.tn\/fr\/portfolio-item\/test\/\" >\n\t\t\t\ttest\t\t\t<\/a>\n\t\t<\/h3>\n\t\t\t\t<div class=\"elementor-post__excerpt\">\n\t\t\t<p>&nbsp; testtesttesttesttesttesttesttesttesttesttesttestvv testtesttesttest &nbsp;<\/p>\n\t\t<\/div>\n\t\t\n\t\t<a class=\"elementor-post__read-more\" href=\"https:\/\/g2a.com.tn\/fr\/portfolio-item\/test\/\" aria-label=\"Read more about test\" >\n\t\t\tLire la suite \u00bb\t\t<\/a>\n\n\t\t\t\t<\/div>\n\t\t\t\t<div class=\"elementor-post__meta-data\">\n\t\t\t\t\t<span class=\"elementor-post-date\">\n\t\t\t28 juillet 2023\t\t<\/span>\n\t\t\t\t<\/div>\n\t\t\t\t\t<\/div>\n\t\t<\/article>\n\t\t\t\t<article class=\"elementor-post elementor-grid-item post-348 portfolio type-portfolio status-publish has-post-thumbnail hentry\">\n\t\t\t<div class=\"elementor-post__card\">\n\t\t\t\t<a class=\"elementor-post__thumbnail__link\" href=\"https:\/\/g2a.com.tn\/fr\/portfolio-item\/project-name-4\/\" ><div class=\"elementor-post__thumbnail\"><img loading=\"lazy\" decoding=\"async\" width=\"300\" height=\"200\" src=\"https:\/\/g2a.com.tn\/wp-content\/uploads\/2017\/02\/portfolio-7-300x200.jpg\" class=\"attachment-medium size-medium wp-image-335\" alt=\"\" srcset=\"https:\/\/g2a.com.tn\/wp-content\/uploads\/2017\/02\/portfolio-7-300x200.jpg 300w, https:\/\/g2a.com.tn\/wp-content\/uploads\/2017\/02\/portfolio-7-768x512.jpg 768w, https:\/\/g2a.com.tn\/wp-content\/uploads\/2017\/02\/portfolio-7-800x533.jpg 800w, https:\/\/g2a.com.tn\/wp-content\/uploads\/2017\/02\/portfolio-7-400x267.jpg 400w, https:\/\/g2a.com.tn\/wp-content\/uploads\/2017\/02\/portfolio-7-40x27.jpg 40w, https:\/\/g2a.com.tn\/wp-content\/uploads\/2017\/02\/portfolio-7-370x247.jpg 370w, https:\/\/g2a.com.tn\/wp-content\/uploads\/2017\/02\/portfolio-7.jpg 980w\" sizes=\"auto, (max-width: 300px) 100vw, 300px\" \/><\/div><\/a>\n\t\t\t\t<div class=\"elementor-post__avatar\">\n\t\t\t<img alt='Global' src='https:\/\/secure.gravatar.com\/avatar\/824f8c02e2fae59163e1a3a5265cc5a310696b46c36e1fe843ba7aa25e151e7e?s=128&#038;d=https%3A%2F%2Fg2a.com.tn%2Fwp-content%2Fuploads%2F2023%2F07%2Fcropped-navlogoga.png&#038;r=g' srcset='https:\/\/secure.gravatar.com\/avatar\/824f8c02e2fae59163e1a3a5265cc5a310696b46c36e1fe843ba7aa25e151e7e?s=256&#038;d=https%3A%2F%2Fg2a.com.tn%2Fwp-content%2Fuploads%2F2023%2F07%2Fcropped-navlogoga.png&#038;r=g 2x' class='avatar avatar-128 photo' height='128' width='128' \/>\t\t<\/div>\n\t\t\t\t<div class=\"elementor-post__text\">\n\t\t\t\t<h3 class=\"elementor-post__title\">\n\t\t\t<a href=\"https:\/\/g2a.com.tn\/fr\/portfolio-item\/project-name-4\/\" >\n\t\t\t\tSelf Motivation\t\t\t<\/a>\n\t\t<\/h3>\n\t\t\t\t<div class=\"elementor-post__excerpt\">\n\t\t\t<p>Standard dummy text ever since the 1500s, when an unknown printer took a galley of type and &#8230;<\/p>\n\t\t<\/div>\n\t\t\n\t\t<a class=\"elementor-post__read-more\" href=\"https:\/\/g2a.com.tn\/fr\/portfolio-item\/project-name-4\/\" aria-label=\"Read more about Self Motivation\" >\n\t\t\tLire la suite \u00bb\t\t<\/a>\n\n\t\t\t\t<\/div>\n\t\t\t\t<div class=\"elementor-post__meta-data\">\n\t\t\t\t\t<span class=\"elementor-post-date\">\n\t\t\t28 juillet 2023\t\t<\/span>\n\t\t\t\t<\/div>\n\t\t\t\t\t<\/div>\n\t\t<\/article>\n\t\t\t\t<article class=\"elementor-post elementor-grid-item post-346 portfolio type-portfolio status-publish has-post-thumbnail hentry\">\n\t\t\t<div class=\"elementor-post__card\">\n\t\t\t\t<a class=\"elementor-post__thumbnail__link\" href=\"https:\/\/g2a.com.tn\/fr\/portfolio-item\/project-name-6\/\" ><div class=\"elementor-post__thumbnail\"><img loading=\"lazy\" decoding=\"async\" width=\"300\" height=\"188\" src=\"https:\/\/g2a.com.tn\/wp-content\/uploads\/2017\/02\/portfolio-5-300x188.jpg\" class=\"attachment-medium size-medium wp-image-333\" alt=\"\" srcset=\"https:\/\/g2a.com.tn\/wp-content\/uploads\/2017\/02\/portfolio-5-300x188.jpg 300w, https:\/\/g2a.com.tn\/wp-content\/uploads\/2017\/02\/portfolio-5-768x480.jpg 768w, https:\/\/g2a.com.tn\/wp-content\/uploads\/2017\/02\/portfolio-5-800x500.jpg 800w, https:\/\/g2a.com.tn\/wp-content\/uploads\/2017\/02\/portfolio-5-400x250.jpg 400w, https:\/\/g2a.com.tn\/wp-content\/uploads\/2017\/02\/portfolio-5-40x25.jpg 40w, https:\/\/g2a.com.tn\/wp-content\/uploads\/2017\/02\/portfolio-5-370x231.jpg 370w, https:\/\/g2a.com.tn\/wp-content\/uploads\/2017\/02\/portfolio-5.jpg 950w\" sizes=\"auto, (max-width: 300px) 100vw, 300px\" \/><\/div><\/a>\n\t\t\t\t<div class=\"elementor-post__avatar\">\n\t\t\t<img alt='Global' src='https:\/\/secure.gravatar.com\/avatar\/824f8c02e2fae59163e1a3a5265cc5a310696b46c36e1fe843ba7aa25e151e7e?s=128&#038;d=https%3A%2F%2Fg2a.com.tn%2Fwp-content%2Fuploads%2F2023%2F07%2Fcropped-navlogoga.png&#038;r=g' srcset='https:\/\/secure.gravatar.com\/avatar\/824f8c02e2fae59163e1a3a5265cc5a310696b46c36e1fe843ba7aa25e151e7e?s=256&#038;d=https%3A%2F%2Fg2a.com.tn%2Fwp-content%2Fuploads%2F2023%2F07%2Fcropped-navlogoga.png&#038;r=g 2x' class='avatar avatar-128 photo' height='128' width='128' \/>\t\t<\/div>\n\t\t\t\t<div class=\"elementor-post__text\">\n\t\t\t\t<h3 class=\"elementor-post__title\">\n\t\t\t<a href=\"https:\/\/g2a.com.tn\/fr\/portfolio-item\/project-name-6\/\" >\n\t\t\t\tSilicon Valley\t\t\t<\/a>\n\t\t<\/h3>\n\t\t\t\t<div class=\"elementor-post__excerpt\">\n\t\t\t<p>The provide access to client focused manufactured products best of breed promote cutting edge innovation &#8230;<\/p>\n\t\t<\/div>\n\t\t\n\t\t<a class=\"elementor-post__read-more\" href=\"https:\/\/g2a.com.tn\/fr\/portfolio-item\/project-name-6\/\" aria-label=\"Read more about Silicon Valley\" >\n\t\t\tLire la suite \u00bb\t\t<\/a>\n\n\t\t\t\t<\/div>\n\t\t\t\t<div class=\"elementor-post__meta-data\">\n\t\t\t\t\t<span class=\"elementor-post-date\">\n\t\t\t18 juillet 2023\t\t<\/span>\n\t\t\t\t<\/div>\n\t\t\t\t\t<\/div>\n\t\t<\/article>\n\t\t\t\t<article class=\"elementor-post elementor-grid-item post-347 portfolio type-portfolio status-publish has-post-thumbnail hentry\">\n\t\t\t<div class=\"elementor-post__card\">\n\t\t\t\t<a class=\"elementor-post__thumbnail__link\" href=\"https:\/\/g2a.com.tn\/fr\/portfolio-item\/project-name-5\/\" ><div class=\"elementor-post__thumbnail\"><img loading=\"lazy\" decoding=\"async\" width=\"300\" height=\"200\" src=\"https:\/\/g2a.com.tn\/wp-content\/uploads\/2017\/02\/portfolio-11-300x200.jpg\" class=\"attachment-medium size-medium wp-image-338\" alt=\"\" srcset=\"https:\/\/g2a.com.tn\/wp-content\/uploads\/2017\/02\/portfolio-11-300x200.jpg 300w, https:\/\/g2a.com.tn\/wp-content\/uploads\/2017\/02\/portfolio-11-768x511.jpg 768w, https:\/\/g2a.com.tn\/wp-content\/uploads\/2017\/02\/portfolio-11-800x532.jpg 800w, https:\/\/g2a.com.tn\/wp-content\/uploads\/2017\/02\/portfolio-11-400x266.jpg 400w, https:\/\/g2a.com.tn\/wp-content\/uploads\/2017\/02\/portfolio-11-40x27.jpg 40w, https:\/\/g2a.com.tn\/wp-content\/uploads\/2017\/02\/portfolio-11-370x246.jpg 370w, https:\/\/g2a.com.tn\/wp-content\/uploads\/2017\/02\/portfolio-11.jpg 849w\" sizes=\"auto, (max-width: 300px) 100vw, 300px\" \/><\/div><\/a>\n\t\t\t\t<div class=\"elementor-post__avatar\">\n\t\t\t<img alt='Global' src='https:\/\/secure.gravatar.com\/avatar\/824f8c02e2fae59163e1a3a5265cc5a310696b46c36e1fe843ba7aa25e151e7e?s=128&#038;d=https%3A%2F%2Fg2a.com.tn%2Fwp-content%2Fuploads%2F2023%2F07%2Fcropped-navlogoga.png&#038;r=g' srcset='https:\/\/secure.gravatar.com\/avatar\/824f8c02e2fae59163e1a3a5265cc5a310696b46c36e1fe843ba7aa25e151e7e?s=256&#038;d=https%3A%2F%2Fg2a.com.tn%2Fwp-content%2Fuploads%2F2023%2F07%2Fcropped-navlogoga.png&#038;r=g 2x' class='avatar avatar-128 photo' height='128' width='128' \/>\t\t<\/div>\n\t\t\t\t<div class=\"elementor-post__text\">\n\t\t\t\t<h3 class=\"elementor-post__title\">\n\t\t\t<a href=\"https:\/\/g2a.com.tn\/fr\/portfolio-item\/project-name-5\/\" >\n\t\t\t\tWordPress Theme\t\t\t<\/a>\n\t\t<\/h3>\n\t\t\t\t<div class=\"elementor-post__excerpt\">\n\t\t\t<p>The provide access to client focused manufactured products best of breed promote cutting edge innovation &#8230;<\/p>\n\t\t<\/div>\n\t\t\n\t\t<a class=\"elementor-post__read-more\" href=\"https:\/\/g2a.com.tn\/fr\/portfolio-item\/project-name-5\/\" aria-label=\"Read more about WordPress Theme\" >\n\t\t\tLire la suite \u00bb\t\t<\/a>\n\n\t\t\t\t<\/div>\n\t\t\t\t<div class=\"elementor-post__meta-data\">\n\t\t\t\t\t<span class=\"elementor-post-date\">\n\t\t\t9 f\u00e9vrier 2017\t\t<\/span>\n\t\t\t\t<\/div>\n\t\t\t\t\t<\/div>\n\t\t<\/article>\n\t\t\t\t<\/div>\n\t\t\n\t\t\t\t<div class=\"e-load-more-anchor\" data-page=\"1\" data-max-page=\"2\" data-next-page=\"https:\/\/g2a.com.tn\/fr\/wp-json\/wp\/v2\/pages\/225\/page\/2\/\"><\/div>\n\t\t\t\t<nav class=\"elementor-pagination\" aria-label=\"Pagination\">\n\t\t\t<span class=\"page-numbers prev\">\u00ab Pr\u00e9c\u00e9dent.<\/span>\n<span aria-current=\"page\" class=\"page-numbers current\"><span class=\"elementor-screen-only\">Page<\/span>1<\/span>\n<a class=\"page-numbers\" href=\"https:\/\/g2a.com.tn\/fr\/wp-json\/wp\/v2\/pages\/225\/page\/2\/\"><span class=\"elementor-screen-only\">Page<\/span>2<\/a>\n<a class=\"page-numbers next\" href=\"https:\/\/g2a.com.tn\/fr\/wp-json\/wp\/v2\/pages\/225\/page\/2\/\">Suivant \u00bb<\/a>\t\t<\/nav>\n\t\t\t\t<\/div>\n\t\t\t\t<\/div>\n\t\t\t\t\t<\/div>\n\t\t<\/div>\n\t\t\t\t\t\t\t<\/div>\n\t\t<\/section>\n\t\t\t\t\t\t\t<\/div>\n\t\t<\/section>","protected":false},"excerpt":{"rendered":"Featured Project Standard dummy text ever since the 1500s, when an unknown printer took a galley of type and scrambled it to make a type specimen book. It has survived not only five centuries, but also the leap into electronic ...","protected":false},"author":5,"featured_media":0,"parent":0,"menu_order":0,"comment_status":"closed","ping_status":"closed","template":"","meta":{"footnotes":""},"class_list":["post-225","page","type-page","status-publish","hentry"],"_links":{"self":[{"href":"https:\/\/g2a.com.tn\/fr\/wp-json\/wp\/v2\/pages\/225","targetHints":{"allow":["GET"]}}],"collection":[{"href":"https:\/\/g2a.com.tn\/fr\/wp-json\/wp\/v2\/pages"}],"about":[{"href":"https:\/\/g2a.com.tn\/fr\/wp-json\/wp\/v2\/types\/page"}],"author":[{"embeddable":true,"href":"https:\/\/g2a.com.tn\/fr\/wp-json\/wp\/v2\/users\/5"}],"replies":[{"embeddable":true,"href":"https:\/\/g2a.com.tn\/fr\/wp-json\/wp\/v2\/comments?post=225"}],"version-history":[{"count":2,"href":"https:\/\/g2a.com.tn\/fr\/wp-json\/wp\/v2\/pages\/225\/revisions"}],"predecessor-version":[{"id":1867,"href":"https:\/\/g2a.com.tn\/fr\/wp-json\/wp\/v2\/pages\/225\/revisions\/1867"}],"wp:attachment":[{"href":"https:\/\/g2a.com.tn\/fr\/wp-json\/wp\/v2\/media?parent=225"}],"curies":[{"name":"wp","href":"https:\/\/api.w.org\/{rel}","templated":true}]}}