{"id":209,"date":"2017-02-21T05:02:05","date_gmt":"2017-02-21T05:02:05","guid":{"rendered":"http:\/\/demo.themeton.com\/consultaid\/?page_id=209"},"modified":"2023-07-07T17:15:08","modified_gmt":"2023-07-07T15:15:08","slug":"service-1","status":"publish","type":"page","link":"https:\/\/g2a.com.tn\/fr\/services\/service-1\/","title":{"rendered":"Services"},"content":{"rendered":"<section class=\"wpb-content-wrapper\"><div class=\"vc_row wpb_row vc_row-fluid vc_custom_1688568278086 vc_column-gap-15\"><div class=\"wpb_column vc_column_container vc_col-sm-12\"><div class=\"vc_column-inner\"><div class=\"wpb_wrapper\"><\/div><\/div><\/div><\/div><div class=\"vc_row wpb_row vc_row-fluid vc_column-gap-30\"><div class=\"wpb_column vc_column_container vc_col-sm-6\"><div class=\"vc_column-inner\"><div class=\"wpb_wrapper\"><div class=\"vc_row wpb_row vc_inner vc_row-fluid vc_custom_1688555838215 vc_row-o-equal-height vc_row-o-content-top vc_row-flex\"><div class=\"wpb_column vc_column_container vc_col-sm-8\"><div class=\"vc_column-inner\"><div class=\"wpb_wrapper\"><ol class='icon-list-element m0 pl0 font18 line-height-3-5' data-color='#7c003b'><li data-number='01'><a class='uk-button-text' href='https:\/\/g2a.com.tn\/fr\/services-3\/'>Audit &amp; comptabilit\u00e9<\/a><\/li><li data-number='02'><a class='uk-button-text' href='https:\/\/g2a.com.tn\/fr\/services-4\/'>Conseil en gestion<\/a><\/li><li data-number='03'><a class='uk-button-text' href='https:\/\/g2a.com.tn\/fr\/services-5\/'>Fiscalit\u00e9 &amp; droit<\/a><\/li><li data-number='04'><a class='uk-button-text' href='https:\/\/g2a.com.tn\/fr\/services-6\/'>Social &amp; formation<\/a><\/li><\/ol><!-- end .icon-list-element --><\/div><\/div><\/div><\/div><h2 style=\"font-size: 28px;line-height: 1.5;text-align: left\" class=\"vc_custom_heading\" ><\/h2>\n\t<div class=\"wpb_text_column wpb_content_element  vc_custom_1688557506292\" >\n\t\t<div class=\"wpb_wrapper\">\n\t\t\t\n\t\t<\/div>\n\t<\/div>\n\n<div class=\"wpcf7 no-js\" id=\"wpcf7-f281-o1\" lang=\"en-US\" dir=\"ltr\">\n<div class=\"screen-reader-response\"><p role=\"status\" aria-live=\"polite\" aria-atomic=\"true\"><\/p> <ul><\/ul><\/div>\n<form action=\"\/fr\/wp-json\/wp\/v2\/pages\/209#wpcf7-f281-o1\" method=\"post\" class=\"wpcf7-form init\" aria-label=\"Contact form\" novalidate=\"novalidate\" data-status=\"init\" data-trp-original-action=\"\/fr\/wp-json\/wp\/v2\/pages\/209#wpcf7-f281-o1\">\n<div style=\"display: none;\">\n<input type=\"hidden\" name=\"_wpcf7\" value=\"281\" \/>\n<input type=\"hidden\" name=\"_wpcf7_version\" value=\"5.7.7\" \/>\n<input type=\"hidden\" name=\"_wpcf7_locale\" value=\"en_US\" \/>\n<input type=\"hidden\" name=\"_wpcf7_unit_tag\" value=\"wpcf7-f281-o1\" \/>\n<input type=\"hidden\" name=\"_wpcf7_container_post\" value=\"0\" \/>\n<input type=\"hidden\" name=\"_wpcf7_posted_data_hash\" value=\"\" \/>\n<\/div>\n<div class=\"uk-grid-small form-with-icons uk-grid\">\n\t<div class=\"uk-width-1-1@m uk-grid-margin uk-text-center\">\n\t\t<h1>Contactez-nous\n\t\t<\/h1>\n\t<\/div>\n\t<div class=\"uk-width-1-1@m uk-grid-margin uk-text-center\">\n\t\t<h3>Une \u00e9quipe d'experts \u00e0 votre service\n\t\t<\/h3>\n\t<\/div>\n\t<div class=\"uk-width-1-2@m uk-grid-margin\">\n\t\t<div class=\"uk-inline uk-width-1-1@m uk-grid-margin\">\n\t\t\t<p><span class=\"uk-form-icon\" uk-icon=\"icon: user\"><\/span><span class=\"wpcf7-form-control-wrap\" data-name=\"text-545\"><input size=\"40\" class=\"wpcf7-form-control wpcf7-text wpcf7-validates-as-required uk-input\" aria-required=\"true\" aria-invalid=\"false\" placeholder=\"Votre Nom*\" value=\"\" type=\"text\" name=\"text-545\" \/><\/span>\n\t\t\t<\/p>\n\t\t<\/div>\n\t<\/div>\n\t<div class=\"uk-width-1-2@m uk-grid-margin\">\n\t\t<div class=\"uk-inline uk-width-1-1@m uk-grid-margin\">\n\t\t\t<p><span class=\"uk-form-icon\" uk-icon=\"icon: mail\"><\/span><span class=\"wpcf7-form-control-wrap\" data-name=\"email-916\"><input size=\"40\" class=\"wpcf7-form-control wpcf7-text wpcf7-email wpcf7-validates-as-required wpcf7-validates-as-email uk-input\" aria-required=\"true\" aria-invalid=\"false\" placeholder=\"Adresse e-mail*\" value=\"\" type=\"email\" name=\"email-916\" \/><\/span>\n\t\t\t<\/p>\n\t\t<\/div>\n\t<\/div>\n\t<div class=\"uk-width-1-2@m uk-grid-margin\">\n\t\t<div class=\"uk-inline uk-width-1-1@m uk-grid-margin\">\n\t\t\t<p><span class=\"uk-form-icon\" uk-icon=\"icon: phone\"><\/span><span class=\"wpcf7-form-control-wrap\" data-name=\"tel-181\"><input size=\"40\" class=\"wpcf7-form-control wpcf7-text wpcf7-tel wpcf7-validates-as-required wpcf7-validates-as-tel uk-input\" aria-required=\"true\" aria-invalid=\"false\" placeholder=\"T\u00e9l\u00e9phone*\" value=\"\" type=\"tel\" name=\"tel-181\" \/><\/span>\n\t\t\t<\/p>\n\t\t<\/div>\n\t<\/div>\n\t<div class=\"uk-width-1-2@m uk-grid-margin\">\n\t\t<div class=\"uk-inline uk-width-1-1@m uk-grid-margin\">\n\t\t\t<p><span class=\"uk-form-icon\" uk-icon=\"icon: cog\"><\/span><span class=\"wpcf7-form-control-wrap\" data-name=\"menu-582\"><select class=\"wpcf7-form-control wpcf7-select wpcf7-validates-as-required uk-select\" aria-required=\"true\" aria-invalid=\"false\" name=\"menu-582\"><option value=\"Services*\">Services*<\/option><option value=\"Auditing &amp; Accounting\">Auditing &amp; Accounting<\/option><option value=\"Management consulting\">Conseil en gestion<\/option><option value=\"Tax &amp; Law\">Tax &amp; Law<\/option><option value=\"Social &amp; Training\">Social &amp; Training<\/option><\/select><\/span>\n\t\t\t<\/p>\n\t\t<\/div>\n\t<\/div>\n\t<div class=\"uk-width-1-1@m uk-grid-margin\">\n\t\t<div class=\"uk-inline uk-width-1-1@m uk-grid-margin\">\n\t\t\t<p><span class=\"uk-form-icon textarea-icon\" uk-icon=\"icon: comment\"><\/span><span class=\"wpcf7-form-control-wrap\" data-name=\"textarea-684\"><textarea cols=\"40\" rows=\"10\" class=\"wpcf7-form-control wpcf7-textarea wpcf7-validates-as-required uk-textarea uk-height-small\" aria-required=\"true\" aria-invalid=\"false\" placeholder=\"Message*\" name=\"textarea-684\"><\/textarea><\/span>\n\t\t\t<\/p>\n\t\t<\/div>\n\t<\/div>\n\t<div class=\"uk-width-1-1@m uk-grid-margin uk-text-center\">\n\t\t<p><input class=\"wpcf7-form-control has-spinner wpcf7-submit uk-button uk-button-default\" type=\"submit\" value=\"Envoyer\" \/>\n\t\t<\/p>\n\t<\/div>\n<\/div><p style=\"display: none !important;\"><label>&#916;<textarea name=\"_wpcf7_ak_hp_textarea\" cols=\"45\" rows=\"8\" maxlength=\"100\"><\/textarea><\/label><input type=\"hidden\" id=\"ak_js_1\" name=\"_wpcf7_ak_js\" value=\"35\"\/><script>document.getElementById( \"ak_js_1\" ).setAttribute( \"value\", ( new Date() ).getTime() );<\/script><\/p><div class=\"wpcf7-response-output\" aria-hidden=\"true\"><\/div>\n<input type=\"hidden\" name=\"trp-form-language\" value=\"fr\"\/><\/form>\n<\/div>\n<\/div><\/div><\/div><div class=\"wpb_column vc_column_container vc_col-sm-6 vc_col-has-fill\"><div class=\"vc_column-inner vc_custom_1688556119305\"><div class=\"wpb_wrapper\"><div class=\"vc_row wpb_row vc_inner vc_row-fluid vc_row-o-content-middle vc_row-flex\"><div class=\"wpb_column vc_column_container vc_col-sm-3\"><div class=\"vc_column-inner\"><div class=\"wpb_wrapper\">\n\t<div  class=\"wpb_single_image wpb_content_element vc_align_left\">\n\t\t\n\t\t<figure class=\"wpb_wrapper vc_figure\">\n\t\t\t<div class=\"vc_single_image-wrapper   vc_box_border_grey\"><img loading=\"lazy\" decoding=\"async\" width=\"96\" height=\"96\" src=\"https:\/\/g2a.com.tn\/wp-content\/uploads\/2023\/07\/icons8-comptabilite-96.png\" class=\"vc_single_image-img attachment-thumbnail\" alt=\"\" title=\"icons8-comptabilit\u00e9-96\" srcset=\"https:\/\/g2a.com.tn\/wp-content\/uploads\/2023\/07\/icons8-comptabilite-96.png 96w, https:\/\/g2a.com.tn\/wp-content\/uploads\/2023\/07\/icons8-comptabilite-96-40x40.png 40w\" sizes=\"auto, (max-width: 96px) 100vw, 96px\" \/><\/div>\n\t\t<\/figure>\n\t<\/div>\n<\/div><\/div><\/div><div class=\"wpb_column vc_column_container vc_col-sm-9\"><div class=\"vc_column-inner\"><div class=\"wpb_wrapper\"><p style=\"font-size: 24px;color: #efefef;line-height: 1.25;text-align: left\" class=\"vc_custom_heading vc_custom_1688567345338\" >Auditing &amp; Accounting<\/p><\/div><\/div><\/div><\/div>\n\t<div class=\"wpb_text_column wpb_content_element  vc_custom_1688554564635\" >\n\t\t<div class=\"wpb_wrapper\">\n\t\t\t<p><span style=\"color: #ffe8e4;\">Notre organisation, charg\u00e9e de missions d'audit et de comptabilit\u00e9, est la soci\u00e9t\u00e9 \"GLOBAL AUDITING &amp; ADVISING\", un cabinet d'expertise comptable certifi\u00e9 inscrit \u00e0 l'Ordre des Experts-Comptables de Tunisie. Fond\u00e9e en 2009, nous avons connu une croissance continue dans divers secteurs d'activit\u00e9.<\/span><\/p>\n\n\t\t<\/div>\n\t<\/div>\n<div class=\"vc_separator wpb_content_element vc_separator_align_center vc_sep_width_100 vc_sep_pos_align_center vc_separator_no_text vc_custom_1688556175045  vc_custom_1688556175045\" ><span class=\"vc_sep_holder vc_sep_holder_l\"><span style=\"&quot;border-color:#7c4562;&quot;\" class=\"vc_sep_line\"><\/span><\/span><span class=\"vc_sep_holder vc_sep_holder_r\"><span style=\"&quot;border-color:#7c4562;&quot;\" class=\"vc_sep_line\"><\/span><\/span>\n<\/div><h2 style=\"font-size: 18px;color: #ffffff;line-height: 1.66;text-align: left\" class=\"vc_custom_heading\" >Nous sommes fiers de nous sp\u00e9cialiser dans le service aux clients de divers secteurs sp\u00e9cialis\u00e9s, notamment :<\/h2><ul class='con-element icon-list-element m0 text-gray text-grey'><li><i class='fas fa-check-circle' style='color: #ffffff;'><\/i> Secteur financier<\/li><li><i class='fas fa-check-circle' style='color: #ffffff;'><\/i> H\u00f4tellerie et agences de voyage<\/li><li><i class='fas fa-check-circle' style='color: #ffffff;'><\/i> Industrie de l'habillement et du textile<\/li><li><i class='fas fa-check-circle' style='color: #ffffff;'><\/i> Construction et immobilier<\/li><li><i class='fas fa-check-circle' style='color: #ffffff;'><\/i> D\u00e9veloppement immobilier<\/li><li><i class='fas fa-check-circle' style='color: #ffffff;'><\/i> Commerce de gros et distribution<\/li><\/ul><!-- end .icon-list-element --><\/div><\/div><\/div><\/div><div data-vc-full-width=\"true\" data-vc-full-width-init=\"false\" class=\"vc_row wpb_row vc_row-fluid vc_custom_1688558413793 vc_row-has-fill vc_row-o-content-middle vc_row-flex\"><div class=\"wpb_column vc_column_container vc_col-sm-5\"><div class=\"vc_column-inner\"><div class=\"wpb_wrapper\">\n\t<div  class=\"wpb_single_image wpb_content_element vc_align_center  vc_custom_1688558462348\">\n\t\t\n\t\t<figure class=\"wpb_wrapper vc_figure\">\n\t\t\t<div class=\"vc_single_image-wrapper vc_box_shadow_circle  vc_box_border_grey\"><img loading=\"lazy\" decoding=\"async\" class=\"vc_single_image-img\" src=\"https:\/\/g2a.com.tn\/wp-content\/uploads\/2023\/07\/Yousuf-Karsh-Albert-Schweitzer-1954-1567x1960-1-1567x1567.jpg\" width=\"1567\" height=\"1567\" alt=\"Yousuf-Karsh-Albert-Schweitzer-1954-1567x1960\" title=\"Yousuf-Karsh-Albert-Schweitzer-1954-1567x1960\" \/><\/div>\n\t\t<\/figure>\n\t<\/div>\n<\/div><\/div><\/div><div class=\"wpb_column vc_column_container vc_col-sm-6\"><div class=\"vc_column-inner vc_custom_1487571170303\"><div class=\"wpb_wrapper\">\n        \n            <div class='ui-section testimonial-single quotestyle2 uk-text-left text-light mb0 font18'>\n                <div class='testimonial-wrapper'>\n                \n                \n                \n                <p class=''>Le succ\u00e8s n'est pas la cl\u00e9 du bonheur. Le bonheur est la cl\u00e9 du succ\u00e8s. Si vous aimez ce que vous faites, vous serez r\u00e9ussi.<\/p>\n                <div class='defaulthr'><\/div>\n                <div class='mmb05 mt1'><span>Albert Schweitzer<\/span><\/div>\n                \n                \n                <\/div>\n            <\/div>\n        \n        <\/div><\/div><\/div><div class=\"wpb_column vc_column_container vc_col-sm-1\"><div class=\"vc_column-inner\"><div class=\"wpb_wrapper\"><\/div><\/div><\/div><\/div><div class=\"vc_row-full-width vc_clearfix\"><\/div><div data-vc-full-width=\"true\" data-vc-full-width-init=\"false\" class=\"vc_row wpb_row vc_row-fluid vc_custom_1488602927207 vc_row-has-fill\"><div class=\"wpb_column vc_column_container vc_col-sm-2\"><div class=\"vc_column-inner\"><div class=\"wpb_wrapper\"><\/div><\/div><\/div><div class=\"wpb_column vc_column_container vc_col-sm-8\"><div class=\"vc_column-inner\"><div class=\"wpb_wrapper\">\n        <div class='con-element con-element-counter uk-section'>\n            <div class='uk-grid uk-grid-small uk-child-width-expand uk-text-center'>\n            \n                <div class='con-counter-item uk-grid uk-width-1-1@s uk-width-expand@m uk-grid-medium uk-flex uk-lfex-center'>\n                    <div class='uk-width-1-2 uk-text-right'>\n                        <img src='https:\/\/g2a.com.tn\/wp-content\/uploads\/2017\/02\/icon_happy-clients.png' alt='happy clients'>                     \n                    <\/div>\n                    <div class='uk-width-1-2 uk-text-left'>\n                        <span class='counter'>2500<\/span><span class='letter'>+<\/span>\n                        <div class='cntrdcs'><span class='counterdecs'>clients<\/span><\/div>\n                    <\/div>\n                <\/div>\n                \n                <div class='con-counter-item uk-grid uk-width-1-1@s uk-width-expand@m uk-grid-medium uk-flex uk-lfex-center'>\n                    <div class='uk-width-1-2 uk-text-right'>\n                        <img src='https:\/\/g2a.com.tn\/wp-content\/uploads\/2017\/02\/icon_awards.png' alt='awards'>                     \n                    <\/div>\n                    <div class='uk-width-1-2 uk-text-left'>\n                        <span class='counter'>38<\/span><span class='letter'><\/span>\n                        <div class='cntrdcs'><span class='counterdecs'>r\u00e9compenses<\/span><\/div>\n                    <\/div>\n                <\/div>\n                \n                <div class='con-counter-item uk-grid uk-width-1-1@s uk-width-expand@m uk-grid-medium uk-flex uk-lfex-center'>\n                    <div class='uk-width-1-2 uk-text-right'>\n                        <img src='https:\/\/g2a.com.tn\/wp-content\/uploads\/2017\/02\/icon_employs.png' alt='employees'>                     \n                    <\/div>\n                    <div class='uk-width-1-2 uk-text-left'>\n                        <span class='counter'>100<\/span><span class='letter'>+<\/span>\n                        <div class='cntrdcs'><span class='counterdecs'>employ\u00e9s<\/span><\/div>\n                    <\/div>\n                <\/div>\n                \n            <\/div>\n        <\/div>\n        <\/div><\/div><\/div><div class=\"wpb_column vc_column_container vc_col-sm-2\"><div class=\"vc_column-inner\"><div class=\"wpb_wrapper\"><\/div><\/div><\/div><\/div><div class=\"vc_row-full-width vc_clearfix\"><\/div>\n<\/section>","protected":false},"excerpt":{"rendered":"Auditing & AccountingManagement consultingTax & LawSocial & Training Contact Us A Team of Experts at Your Service Services*Auditing &amp; AccountingManagement consultingTax &amp; LawSocial &amp; Training &#916; Auditing &amp; Accounting Our organization, entrusted with auditing and accounting missions, is the company ...","protected":false},"author":5,"featured_media":0,"parent":207,"menu_order":0,"comment_status":"closed","ping_status":"closed","template":"","meta":{"footnotes":""},"class_list":["post-209","page","type-page","status-publish","hentry"],"_links":{"self":[{"href":"https:\/\/g2a.com.tn\/fr\/wp-json\/wp\/v2\/pages\/209","targetHints":{"allow":["GET"]}}],"collection":[{"href":"https:\/\/g2a.com.tn\/fr\/wp-json\/wp\/v2\/pages"}],"about":[{"href":"https:\/\/g2a.com.tn\/fr\/wp-json\/wp\/v2\/types\/page"}],"author":[{"embeddable":true,"href":"https:\/\/g2a.com.tn\/fr\/wp-json\/wp\/v2\/users\/5"}],"replies":[{"embeddable":true,"href":"https:\/\/g2a.com.tn\/fr\/wp-json\/wp\/v2\/comments?post=209"}],"version-history":[{"count":0,"href":"https:\/\/g2a.com.tn\/fr\/wp-json\/wp\/v2\/pages\/209\/revisions"}],"up":[{"embeddable":true,"href":"https:\/\/g2a.com.tn\/fr\/wp-json\/wp\/v2\/pages\/207"}],"wp:attachment":[{"href":"https:\/\/g2a.com.tn\/fr\/wp-json\/wp\/v2\/media?parent=209"}],"curies":[{"name":"wp","href":"https:\/\/api.w.org\/{rel}","templated":true}]}}