{"id":1690,"date":"2023-07-18T14:29:02","date_gmt":"2023-07-18T12:29:02","guid":{"rendered":"https:\/\/dev2.eskills.tn\/?page_id=1690"},"modified":"2023-07-29T05:27:37","modified_gmt":"2023-07-29T03:27:37","slug":"future-events","status":"publish","type":"page","link":"https:\/\/g2a.com.tn\/fr\/future-events\/","title":{"rendered":"Nos \u00e9v\u00e9nements futurs"},"content":{"rendered":"<section class=\"wpb-content-wrapper\">\t\t<div data-elementor-type=\"wp-page\" data-elementor-id=\"1690\" class=\"elementor elementor-1690\" data-elementor-post-type=\"page\">\n\t\t\t\t\t\t\t\t\t<section class=\"elementor-section elementor-top-section elementor-element elementor-element-7b1c1e70 elementor-section-boxed elementor-section-height-default elementor-section-height-default\" data-id=\"7b1c1e70\" data-element_type=\"section\">\n\t\t\t\t\t\t<div class=\"elementor-container elementor-column-gap-default\">\n\t\t\t\t\t<div class=\"elementor-column elementor-col-100 elementor-top-column elementor-element elementor-element-750b44c0\" data-id=\"750b44c0\" data-element_type=\"column\">\n\t\t\t<div class=\"elementor-widget-wrap elementor-element-populated\">\n\t\t\t\t\t\t\t\t<div class=\"elementor-element elementor-element-2eb02d1c elementor-widget elementor-widget-text-editor\" data-id=\"2eb02d1c\" data-element_type=\"widget\" data-widget_type=\"text-editor.default\">\n\t\t\t\t<div class=\"elementor-widget-container\">\n\t\t\t<style>\/*! elementor - v3.15.0 - 09-08-2023 *\/\n.elementor-widget-text-editor.elementor-drop-cap-view-stacked .elementor-drop-cap{background-color:#69727d;color:#fff}.elementor-widget-text-editor.elementor-drop-cap-view-framed .elementor-drop-cap{color:#69727d;border:3px solid;background-color:transparent}.elementor-widget-text-editor:not(.elementor-drop-cap-view-default) .elementor-drop-cap{margin-top:8px}.elementor-widget-text-editor:not(.elementor-drop-cap-view-default) .elementor-drop-cap-letter{width:1em;height:1em}.elementor-widget-text-editor .elementor-drop-cap{float:left;text-align:center;line-height:1;font-size:50px}.elementor-widget-text-editor .elementor-drop-cap-letter{display:inline-block}<\/style>\t\t\t\t<div class=\"vc_row wpb_row vc_row-fluid vc_custom_1488605952815\"><div class=\"wpb_column vc_column_container vc_col-sm-2\"><div class=\"vc_column-inner\"><div class=\"wpb_wrapper\"><\/div><\/div><\/div><div class=\"wpb_column vc_column_container vc_col-sm-8\"><div class=\"vc_column-inner\"><div class=\"wpb_wrapper\"><h1 style=\"font-size: 36px;line-height: 1.2;text-align: center\" class=\"vc_custom_heading\" >Nos \u00e9v\u00e9nements futurs<\/h1>\n\t<div class=\"wpb_text_column wpb_content_element\" >\n\t\t<div class=\"wpb_wrapper\">\n\t\t\t<p style=\"text-align: center;\">Bienvenue chez Global Auditing &amp; Advising, votre porte d'entr\u00e9e vers les prochains \u00e9v\u00e9nements qui explorent le monde en constante \u00e9volution de la finance. Ensemble, nous explorerons les derni\u00e8res avanc\u00e9es en mati\u00e8re de pratiques d'audit, discuterons des normes comptables \u00e9mergentes et d\u00e9couvrirons des moyens innovants de garantir la transparence et la responsabilit\u00e9 financi\u00e8re.<\/p>\n\n\t\t<\/div>\n\t<\/div>\n<\/div><\/div><\/div><div class=\"wpb_column vc_column_container vc_col-sm-2\"><div class=\"vc_column-inner\"><div class=\"wpb_wrapper\"><\/div><\/div><\/div><\/div>\t\t\t\t\t\t<\/div>\n\t\t\t\t<\/div>\n\t\t\t\t\t<\/div>\n\t\t<\/div>\n\t\t\t\t\t\t\t<\/div>\n\t\t<\/section>\n\t\t\t\t<section class=\"elementor-section elementor-top-section elementor-element elementor-element-d22ccd3 elementor-section-boxed elementor-section-height-default elementor-section-height-default\" data-id=\"d22ccd3\" data-element_type=\"section\">\n\t\t\t\t\t\t<div class=\"elementor-container elementor-column-gap-default\">\n\t\t\t\t\t<div class=\"elementor-column elementor-col-100 elementor-top-column elementor-element elementor-element-3ce416e\" data-id=\"3ce416e\" data-element_type=\"column\">\n\t\t\t<div class=\"elementor-widget-wrap elementor-element-populated\">\n\t\t\t\t\t\t\t\t<div class=\"elementor-element elementor-element-78bb797 elementor-grid-2 elementor-grid-tablet-2 elementor-grid-mobile-1 elementor-posts--thumbnail-top elementor-posts--show-avatar elementor-card-shadow-yes elementor-posts__hover-gradient elementor-widget elementor-widget-posts\" data-id=\"78bb797\" data-element_type=\"widget\" data-settings=\"{&quot;pagination_type&quot;:&quot;numbers_and_prev_next&quot;,&quot;cards_columns&quot;:&quot;2&quot;,&quot;cards_columns_tablet&quot;:&quot;2&quot;,&quot;cards_columns_mobile&quot;:&quot;1&quot;,&quot;cards_row_gap&quot;:{&quot;unit&quot;:&quot;px&quot;,&quot;size&quot;:35,&quot;sizes&quot;:[]},&quot;cards_row_gap_tablet&quot;:{&quot;unit&quot;:&quot;px&quot;,&quot;size&quot;:&quot;&quot;,&quot;sizes&quot;:[]},&quot;cards_row_gap_mobile&quot;:{&quot;unit&quot;:&quot;px&quot;,&quot;size&quot;:&quot;&quot;,&quot;sizes&quot;:[]}}\" data-widget_type=\"posts.cards\">\n\t\t\t\t<div class=\"elementor-widget-container\">\n\t\t\t<link rel=\"stylesheet\" href=\"https:\/\/g2a.com.tn\/wp-content\/plugins\/pro-elements\/assets\/css\/widget-posts.min.css\">\t\t<div class=\"elementor-posts-container elementor-posts elementor-posts--skin-cards elementor-grid\">\n\t\t\t\t<article class=\"elementor-post elementor-grid-item post-1861 furure_events type-furure_events status-publish format-standard has-post-thumbnail hentry\">\n\t\t\t<div class=\"elementor-post__card\">\n\t\t\t\t<a class=\"elementor-post__thumbnail__link\" href=\"https:\/\/g2a.com.tn\/fr\/furure_events\/test-future-events\/\" ><div class=\"elementor-post__thumbnail\"><img loading=\"lazy\" decoding=\"async\" width=\"300\" height=\"186\" src=\"https:\/\/g2a.com.tn\/wp-content\/uploads\/2017\/02\/service-big-03-300x186.png\" class=\"attachment-medium size-medium wp-image-812\" alt=\"Service\" srcset=\"https:\/\/g2a.com.tn\/wp-content\/uploads\/2017\/02\/service-big-03-300x186.png 300w, https:\/\/g2a.com.tn\/wp-content\/uploads\/2017\/02\/service-big-03-40x25.png 40w, https:\/\/g2a.com.tn\/wp-content\/uploads\/2017\/02\/service-big-03.png 370w\" sizes=\"auto, (max-width: 300px) 100vw, 300px\" \/><\/div><\/a>\n\t\t\t\t<div class=\"elementor-post__avatar\">\n\t\t\t<img alt='Global' src='https:\/\/secure.gravatar.com\/avatar\/824f8c02e2fae59163e1a3a5265cc5a310696b46c36e1fe843ba7aa25e151e7e?s=128&#038;d=https%3A%2F%2Fg2a.com.tn%2Fwp-content%2Fuploads%2F2023%2F07%2Fcropped-navlogoga.png&#038;r=g' srcset='https:\/\/secure.gravatar.com\/avatar\/824f8c02e2fae59163e1a3a5265cc5a310696b46c36e1fe843ba7aa25e151e7e?s=256&#038;d=https%3A%2F%2Fg2a.com.tn%2Fwp-content%2Fuploads%2F2023%2F07%2Fcropped-navlogoga.png&#038;r=g 2x' class='avatar avatar-128 photo' height='128' width='128' \/>\t\t<\/div>\n\t\t\t\t<div class=\"elementor-post__text\">\n\t\t\t\t<h3 class=\"elementor-post__title\">\n\t\t\t<a href=\"https:\/\/g2a.com.tn\/fr\/furure_events\/test-future-events\/\" >\n\t\t\t\ttest future events\t\t\t<\/a>\n\t\t<\/h3>\n\t\t\t\t<div class=\"elementor-post__excerpt\">\n\t\t\t<p>test1<\/p>\n\t\t<\/div>\n\t\t\n\t\t<a class=\"elementor-post__read-more\" href=\"https:\/\/g2a.com.tn\/fr\/furure_events\/test-future-events\/\" aria-label=\"Read more about test future events\" >\n\t\t\tLire la suite \u00bb\t\t<\/a>\n\n\t\t\t\t<\/div>\n\t\t\t\t<div class=\"elementor-post__meta-data\">\n\t\t\t\t\t<span class=\"elementor-post-date\">\n\t\t\t28 juillet 2023\t\t<\/span>\n\t\t\t\t<\/div>\n\t\t\t\t\t<\/div>\n\t\t<\/article>\n\t\t\t\t<article class=\"elementor-post elementor-grid-item post-1753 furure_events type-furure_events status-publish format-standard has-post-thumbnail hentry\">\n\t\t\t<div class=\"elementor-post__card\">\n\t\t\t\t<a class=\"elementor-post__thumbnail__link\" href=\"https:\/\/g2a.com.tn\/fr\/furure_events\/project-name-7-2\/\" ><div class=\"elementor-post__thumbnail\"><img loading=\"lazy\" decoding=\"async\" width=\"300\" height=\"213\" src=\"https:\/\/g2a.com.tn\/wp-content\/uploads\/2017\/02\/portfolio-4-300x213.jpg\" class=\"attachment-medium size-medium wp-image-332\" alt=\"\" srcset=\"https:\/\/g2a.com.tn\/wp-content\/uploads\/2017\/02\/portfolio-4-300x213.jpg 300w, https:\/\/g2a.com.tn\/wp-content\/uploads\/2017\/02\/portfolio-4-768x546.jpg 768w, https:\/\/g2a.com.tn\/wp-content\/uploads\/2017\/02\/portfolio-4-800x569.jpg 800w, https:\/\/g2a.com.tn\/wp-content\/uploads\/2017\/02\/portfolio-4-400x285.jpg 400w, https:\/\/g2a.com.tn\/wp-content\/uploads\/2017\/02\/portfolio-4-40x28.jpg 40w, https:\/\/g2a.com.tn\/wp-content\/uploads\/2017\/02\/portfolio-4-370x263.jpg 370w, https:\/\/g2a.com.tn\/wp-content\/uploads\/2017\/02\/portfolio-4.jpg 950w\" sizes=\"auto, (max-width: 300px) 100vw, 300px\" \/><\/div><\/a>\n\t\t\t\t<div class=\"elementor-post__avatar\">\n\t\t\t<img alt='Global' src='https:\/\/secure.gravatar.com\/avatar\/824f8c02e2fae59163e1a3a5265cc5a310696b46c36e1fe843ba7aa25e151e7e?s=128&#038;d=https%3A%2F%2Fg2a.com.tn%2Fwp-content%2Fuploads%2F2023%2F07%2Fcropped-navlogoga.png&#038;r=g' srcset='https:\/\/secure.gravatar.com\/avatar\/824f8c02e2fae59163e1a3a5265cc5a310696b46c36e1fe843ba7aa25e151e7e?s=256&#038;d=https%3A%2F%2Fg2a.com.tn%2Fwp-content%2Fuploads%2F2023%2F07%2Fcropped-navlogoga.png&#038;r=g 2x' class='avatar avatar-128 photo' height='128' width='128' \/>\t\t<\/div>\n\t\t\t\t<div class=\"elementor-post__text\">\n\t\t\t\t<h3 class=\"elementor-post__title\">\n\t\t\t<a href=\"https:\/\/g2a.com.tn\/fr\/furure_events\/project-name-7-2\/\" >\n\t\t\t\tStartup Science #2\t\t\t<\/a>\n\t\t<\/h3>\n\t\t\t\t<div class=\"elementor-post__excerpt\">\n\t\t\t<p>Lorem Ipsum is simply dummy text of the printing and typesetting industry. Lorem Ipsum has been the industry&#8217;s standard&#8230;<\/p>\n\t\t<\/div>\n\t\t\n\t\t<a class=\"elementor-post__read-more\" href=\"https:\/\/g2a.com.tn\/fr\/furure_events\/project-name-7-2\/\" aria-label=\"Read more about Startup Science #2\" >\n\t\t\tLire la suite \u00bb\t\t<\/a>\n\n\t\t\t\t<\/div>\n\t\t\t\t<div class=\"elementor-post__meta-data\">\n\t\t\t\t\t<span class=\"elementor-post-date\">\n\t\t\t19 juillet 2023\t\t<\/span>\n\t\t\t\t<\/div>\n\t\t\t\t\t<\/div>\n\t\t<\/article>\n\t\t\t\t<article class=\"elementor-post elementor-grid-item post-342 furure_events type-furure_events status-publish format-standard has-post-thumbnail hentry\">\n\t\t\t<div class=\"elementor-post__card\">\n\t\t\t\t<a class=\"elementor-post__thumbnail__link\" href=\"https:\/\/g2a.com.tn\/fr\/furure_events\/project-name-10\/\" ><div class=\"elementor-post__thumbnail\"><img loading=\"lazy\" decoding=\"async\" width=\"300\" height=\"177\" src=\"https:\/\/g2a.com.tn\/wp-content\/uploads\/2017\/02\/portfolio-6-300x177.jpg\" class=\"attachment-medium size-medium wp-image-334\" alt=\"\" srcset=\"https:\/\/g2a.com.tn\/wp-content\/uploads\/2017\/02\/portfolio-6-300x177.jpg 300w, https:\/\/g2a.com.tn\/wp-content\/uploads\/2017\/02\/portfolio-6-768x453.jpg 768w, https:\/\/g2a.com.tn\/wp-content\/uploads\/2017\/02\/portfolio-6-800x472.jpg 800w, https:\/\/g2a.com.tn\/wp-content\/uploads\/2017\/02\/portfolio-6-400x236.jpg 400w, https:\/\/g2a.com.tn\/wp-content\/uploads\/2017\/02\/portfolio-6-40x24.jpg 40w, https:\/\/g2a.com.tn\/wp-content\/uploads\/2017\/02\/portfolio-6-370x218.jpg 370w, https:\/\/g2a.com.tn\/wp-content\/uploads\/2017\/02\/portfolio-6.jpg 950w\" sizes=\"auto, (max-width: 300px) 100vw, 300px\" \/><\/div><\/a>\n\t\t\t\t<div class=\"elementor-post__avatar\">\n\t\t\t<img alt='Global' src='https:\/\/secure.gravatar.com\/avatar\/824f8c02e2fae59163e1a3a5265cc5a310696b46c36e1fe843ba7aa25e151e7e?s=128&#038;d=https%3A%2F%2Fg2a.com.tn%2Fwp-content%2Fuploads%2F2023%2F07%2Fcropped-navlogoga.png&#038;r=g' srcset='https:\/\/secure.gravatar.com\/avatar\/824f8c02e2fae59163e1a3a5265cc5a310696b46c36e1fe843ba7aa25e151e7e?s=256&#038;d=https%3A%2F%2Fg2a.com.tn%2Fwp-content%2Fuploads%2F2023%2F07%2Fcropped-navlogoga.png&#038;r=g 2x' class='avatar avatar-128 photo' height='128' width='128' \/>\t\t<\/div>\n\t\t\t\t<div class=\"elementor-post__text\">\n\t\t\t\t<h3 class=\"elementor-post__title\">\n\t\t\t<a href=\"https:\/\/g2a.com.tn\/fr\/furure_events\/project-name-10\/\" >\n\t\t\t\tFantastic Platform\t\t\t<\/a>\n\t\t<\/h3>\n\t\t\t\t<div class=\"elementor-post__excerpt\">\n\t\t\t<p>Standard dummy text ever since the 1500s, when an unknown printer took a galley of type and &#8230;<\/p>\n\t\t<\/div>\n\t\t\n\t\t<a class=\"elementor-post__read-more\" href=\"https:\/\/g2a.com.tn\/fr\/furure_events\/project-name-10\/\" aria-label=\"Read more about Fantastic Platform\" >\n\t\t\tLire la suite \u00bb\t\t<\/a>\n\n\t\t\t\t<\/div>\n\t\t\t\t<div class=\"elementor-post__meta-data\">\n\t\t\t\t\t<span class=\"elementor-post-date\">\n\t\t\t18 juillet 2023\t\t<\/span>\n\t\t\t\t<\/div>\n\t\t\t\t\t<\/div>\n\t\t<\/article>\n\t\t\t\t<article class=\"elementor-post elementor-grid-item post-344 furure_events type-furure_events status-publish format-standard has-post-thumbnail hentry\">\n\t\t\t<div class=\"elementor-post__card\">\n\t\t\t\t<a class=\"elementor-post__thumbnail__link\" href=\"https:\/\/g2a.com.tn\/fr\/furure_events\/project-name-8\/\" ><div class=\"elementor-post__thumbnail\"><img loading=\"lazy\" decoding=\"async\" width=\"300\" height=\"189\" src=\"https:\/\/g2a.com.tn\/wp-content\/uploads\/2017\/02\/portfolio-10-300x189.jpeg\" class=\"attachment-medium size-medium wp-image-337\" alt=\"\" srcset=\"https:\/\/g2a.com.tn\/wp-content\/uploads\/2017\/02\/portfolio-10-300x189.jpeg 300w, https:\/\/g2a.com.tn\/wp-content\/uploads\/2017\/02\/portfolio-10-768x485.jpeg 768w, https:\/\/g2a.com.tn\/wp-content\/uploads\/2017\/02\/portfolio-10-800x505.jpeg 800w, https:\/\/g2a.com.tn\/wp-content\/uploads\/2017\/02\/portfolio-10-400x253.jpeg 400w, https:\/\/g2a.com.tn\/wp-content\/uploads\/2017\/02\/portfolio-10-40x25.jpeg 40w, https:\/\/g2a.com.tn\/wp-content\/uploads\/2017\/02\/portfolio-10-370x234.jpeg 370w, https:\/\/g2a.com.tn\/wp-content\/uploads\/2017\/02\/portfolio-10.jpeg 950w\" sizes=\"auto, (max-width: 300px) 100vw, 300px\" \/><\/div><\/a>\n\t\t\t\t<div class=\"elementor-post__avatar\">\n\t\t\t<img alt='Global' src='https:\/\/secure.gravatar.com\/avatar\/824f8c02e2fae59163e1a3a5265cc5a310696b46c36e1fe843ba7aa25e151e7e?s=128&#038;d=https%3A%2F%2Fg2a.com.tn%2Fwp-content%2Fuploads%2F2023%2F07%2Fcropped-navlogoga.png&#038;r=g' srcset='https:\/\/secure.gravatar.com\/avatar\/824f8c02e2fae59163e1a3a5265cc5a310696b46c36e1fe843ba7aa25e151e7e?s=256&#038;d=https%3A%2F%2Fg2a.com.tn%2Fwp-content%2Fuploads%2F2023%2F07%2Fcropped-navlogoga.png&#038;r=g 2x' class='avatar avatar-128 photo' height='128' width='128' \/>\t\t<\/div>\n\t\t\t\t<div class=\"elementor-post__text\">\n\t\t\t\t<h3 class=\"elementor-post__title\">\n\t\t\t<a href=\"https:\/\/g2a.com.tn\/fr\/furure_events\/project-name-8\/\" >\n\t\t\t\tQuicker and Better\t\t\t<\/a>\n\t\t<\/h3>\n\t\t\t\t<div class=\"elementor-post__excerpt\">\n\t\t\t<p>The provide access to client focused manufactured products best of breed promote cutting edge innovation &#8230;<\/p>\n\t\t<\/div>\n\t\t\n\t\t<a class=\"elementor-post__read-more\" href=\"https:\/\/g2a.com.tn\/fr\/furure_events\/project-name-8\/\" aria-label=\"Read more about Quicker and Better\" >\n\t\t\tLire la suite \u00bb\t\t<\/a>\n\n\t\t\t\t<\/div>\n\t\t\t\t<div class=\"elementor-post__meta-data\">\n\t\t\t\t\t<span class=\"elementor-post-date\">\n\t\t\t18 juillet 2023\t\t<\/span>\n\t\t\t\t<\/div>\n\t\t\t\t\t<\/div>\n\t\t<\/article>\n\t\t\t\t<\/div>\n\t\t\n\t\t\t\t<div class=\"e-load-more-anchor\" data-page=\"1\" data-max-page=\"2\" data-next-page=\"https:\/\/g2a.com.tn\/fr\/wp-json\/wp\/v2\/pages\/1690\/page\/2\/\"><\/div>\n\t\t\t\t<nav class=\"elementor-pagination\" aria-label=\"Pagination\">\n\t\t\t<span class=\"page-numbers prev\">\u00ab Pr\u00e9c\u00e9dent.<\/span>\n<span aria-current=\"page\" class=\"page-numbers current\"><span class=\"elementor-screen-only\">Page<\/span>1<\/span>\n<a class=\"page-numbers\" href=\"https:\/\/g2a.com.tn\/fr\/wp-json\/wp\/v2\/pages\/1690\/page\/2\/\"><span class=\"elementor-screen-only\">Page<\/span>2<\/a>\n<a class=\"page-numbers next\" href=\"https:\/\/g2a.com.tn\/fr\/wp-json\/wp\/v2\/pages\/1690\/page\/2\/\">Suivant \u00bb<\/a>\t\t<\/nav>\n\t\t\t\t<\/div>\n\t\t\t\t<\/div>\n\t\t\t\t\t<\/div>\n\t\t<\/div>\n\t\t\t\t\t\t\t<\/div>\n\t\t<\/section>\n\t\t\t\t<section class=\"elementor-section elementor-top-section elementor-element elementor-element-f6886f5 elementor-section-boxed elementor-section-height-default elementor-section-height-default\" data-id=\"f6886f5\" data-element_type=\"section\">\n\t\t\t\t\t\t<div class=\"elementor-container elementor-column-gap-default\">\n\t\t\t\t\t<div class=\"elementor-column elementor-col-100 elementor-top-column elementor-element elementor-element-984f161\" data-id=\"984f161\" data-element_type=\"column\">\n\t\t\t<div class=\"elementor-widget-wrap\">\n\t\t\t\t\t\t\t\t\t<\/div>\n\t\t<\/div>\n\t\t\t\t\t\t\t<\/div>\n\t\t<\/section>\n\t\t\t\t\t\t\t<\/div>\n\t\t<\/section>","protected":false},"excerpt":{"rendered":"Featured Project Standard dummy text ever since the 1500s, when an unknown printer took a galley of type and scrambled it to make a type specimen book. It has survived not only five centuries, but also the leap into electronic ...","protected":false},"author":5,"featured_media":0,"parent":0,"menu_order":0,"comment_status":"closed","ping_status":"closed","template":"","meta":{"footnotes":""},"class_list":["post-1690","page","type-page","status-publish","hentry"],"_links":{"self":[{"href":"https:\/\/g2a.com.tn\/fr\/wp-json\/wp\/v2\/pages\/1690","targetHints":{"allow":["GET"]}}],"collection":[{"href":"https:\/\/g2a.com.tn\/fr\/wp-json\/wp\/v2\/pages"}],"about":[{"href":"https:\/\/g2a.com.tn\/fr\/wp-json\/wp\/v2\/types\/page"}],"author":[{"embeddable":true,"href":"https:\/\/g2a.com.tn\/fr\/wp-json\/wp\/v2\/users\/5"}],"replies":[{"embeddable":true,"href":"https:\/\/g2a.com.tn\/fr\/wp-json\/wp\/v2\/comments?post=1690"}],"version-history":[{"count":1,"href":"https:\/\/g2a.com.tn\/fr\/wp-json\/wp\/v2\/pages\/1690\/revisions"}],"predecessor-version":[{"id":1880,"href":"https:\/\/g2a.com.tn\/fr\/wp-json\/wp\/v2\/pages\/1690\/revisions\/1880"}],"wp:attachment":[{"href":"https:\/\/g2a.com.tn\/fr\/wp-json\/wp\/v2\/media?parent=1690"}],"curies":[{"name":"wp","href":"https:\/\/api.w.org\/{rel}","templated":true}]}}